{"id":3,"date":"2022-05-11T06:35:41","date_gmt":"2022-05-11T06:35:41","guid":{"rendered":"https:\/\/swiss-fusion.ch\/?page_id=3"},"modified":"2024-11-04T16:58:01","modified_gmt":"2024-11-04T15:58:01","slug":"politique-de-confidentialite","status":"publish","type":"page","link":"https:\/\/swiss-fusion.ch\/en\/politique-de-confidentialite\/","title":{"rendered":"Privacy Policy"},"content":{"rendered":"<div data-elementor-type=\"wp-page\" data-elementor-id=\"3\" class=\"elementor elementor-3\">\n\t\t\t\t<div class=\"elementor-element elementor-element-1a8f24fe e-flex e-con-boxed e-con e-parent\" data-id=\"1a8f24fe\" data-element_type=\"container\" data-e-type=\"container\">\n\t\t\t\t\t<div class=\"e-con-inner\">\n\t\t\t\t<div class=\"elementor-element elementor-element-7500261 elementor-widget elementor-widget-heading\" data-id=\"7500261\" data-element_type=\"widget\" data-e-type=\"widget\" data-widget_type=\"heading.default\">\n\t\t\t\t<div class=\"elementor-widget-container\">\n\t\t\t\t\t<h2 class=\"elementor-heading-title elementor-size-default\">Privacy Policy<\/h2>\t\t\t\t<\/div>\n\t\t\t\t<\/div>\n\t\t\t\t<div class=\"elementor-element elementor-element-4abf8646 elementor-widget elementor-widget-text-editor\" data-id=\"4abf8646\" data-element_type=\"widget\" data-e-type=\"widget\" data-widget_type=\"text-editor.default\">\n\t\t\t\t<div class=\"elementor-widget-container\">\n\t\t\t\t\t\t\t\t\t\n<div id=\"cmplz-document\" class=\"cmplz-document privacy-statement cmplz-document-eu\">\n<p><i>This Privacy Statement applies to citizens and legal permanent residents of the European Economic Area and Switzerland.<\/i> In this privacy statement we explain what we do with the data we obtain about you through <a href=\"https:\/\/swiss-fusion.ch\/en\/\">https:\/\/swiss-fusion.ch<\/a>. We recommend that you read this statement carefully. In our processing, we comply with the requirements of privacy legislation. This means, among other things, that:<\/p>\n<ul>\n<li>we clearly state for what purposes we process personal data. We do this by means of this privacy statement;<\/li>\n<li>we aim to limit our collection of personal data to only that personal data necessary for legitimate purposes;<\/li>\n<li>we first ask for your explicit consent to process your personal data in cases requiring your consent;<\/li>\n<li>we take appropriate security measures to protect your personal data, and we require the same from parties who process personal data for us;<\/li>\n<li>We respect your right to view, correct or delete your personal data if you request it.<\/li>\n<\/ul>\n<p>If you have any questions or would like to know exactly what data we store, please contact us.<\/p>\n<h2 class=\"wp-block-heading\">1. Purpose, data and retention period<\/h2>\n<p>We may collect or receive personal information for a number of reasons related to our business activities, including the following: (click to expand)<\/p>\n<details class=\"cmplz-dropdown dropdown-privacy-statement\" open=\"open\">\n<div>\n<h3>1.1 Contact \u2013 By telephone, mail, e-mail and\/or web forms<\/h3>\n<\/div>\n<p class=\"cmplz-subtitle\">For this purpose, we use the following data:<\/p>\n<ul>\n<li>A first name and a last name<\/li>\n<li>Company Name<\/li>\n<li>An email address<\/li>\n<li>A phone number<\/li>\n<\/ul>\n<p class=\"cmplz-subtitle\">The basis on which we may process this data is:<\/p>\n<p><a href=\"https:\/\/cookiedatabase.org\/legal-bases\/#consent\" target=\"_blank\" rel=\"noopener noreferrer nofollow\">After giving consent.<\/a><\/p>\n<p class=\"cmplz-subtitle\">Shelf life<\/p>\n<p>We determine the retention period based on the objective criteria set: 3 years<\/p>\n<\/details><details class=\"cmplz-dropdown dropdown-privacy-statement\" open=\"open\">\n<div>\n<h3>1.2 To be able to comply with legal obligations<\/h3>\n<\/div>\n<p class=\"cmplz-subtitle\">For this purpose, we use the following data:<\/p>\n<ul>\n<li>A first name and a last name<\/li>\n<li>Company Name<\/li>\n<li>An email address<\/li>\n<li>A phone number<\/li>\n<\/ul>\n<p class=\"cmplz-subtitle\">The basis on which we may process this data is:<\/p>\n<p><a href=\"https:\/\/cookiedatabase.org\/legal-bases\/#consent\" target=\"_blank\" rel=\"noopener noreferrer nofollow\">After giving consent.<\/a><\/p>\n<p class=\"cmplz-subtitle\">Shelf life<\/p>\n<p>At the end of the service, we retain this data for the following period of time: 3 years.<\/p>\n<\/details><details class=\"cmplz-dropdown dropdown-privacy-statement\" open=\"open\">\n<div>\n<h3>1.3 Compile and analyze statistics for the improvement of the website.<\/h3>\n<\/div>\n<p class=\"cmplz-subtitle\">For this purpose, we use the following data:<\/p>\n<ul>\n<li>Internet activity information, including, but not limited to, browsing history, search history, and information regarding a consumer&#039;s interaction with a website, application, or internet advertisement<\/li>\n<li>Geolocation data<\/li>\n<\/ul>\n<p class=\"cmplz-subtitle\">The basis on which we may process this data is:<\/p>\n<p><a href=\"https:\/\/cookiedatabase.org\/legal-bases\/#consent\" target=\"_blank\" rel=\"noopener noreferrer nofollow\">After giving consent.<\/a><\/p>\n<p class=\"cmplz-subtitle\">Shelf life<\/p>\n<p>At the end of the service, we retain this data for the following period of time: 14 months.<\/p>\n<\/details>\n<h2>2. Cookies<\/h2>\n<p>Our website uses cookies. For more information about cookies, please refer to our <a href=\"\/en\/politique-de-cookies\/\">Cookies Policy<\/a>.<\/p>\n<h2>3. Disclosure Practices<\/h2>\n<p>Personal data is treated as strictly confidential and is not sold or disclosed to third parties except to the extent described here or at the time of collection. We disclose personal information if we are required to do so by law or court order, in response to a law enforcement agency, to the extent permitted by other provisions of the law, to provide information, or for an investigation into a matter related to public safety. We have entered into a data processing agreement with Google. The inclusion of full IP addresses is blocked by us.<\/p>\n<h2>4. Security<\/h2>\n<p>We are committed to the security of personal data. We take appropriate security measures to limit misuse and unauthorized access to personal data. This ensures that only necessary people have access to your data, that access to data is protected, and that our security measures are regularly reviewed.<\/p>\n<h2>5. Third Party Websites<\/h2>\n<p>This privacy statement does not apply to third-party websites connected by links on our website. We cannot guarantee that these third parties handle your personal data in a reliable or secure manner. We recommend that you read the privacy statements of these websites before using them.<\/p>\n<h2>6. Changes to this Privacy Statement<\/h2>\n<p>We reserve the right to change this privacy statement. It is recommended that you regularly review this privacy statement to be aware of any changes. In addition, we will actively inform you where possible.<\/p>\n<h2>7. Accessing and modifying your data<\/h2>\n<p>If you have any questions or would like to know what personal data we have about you, please contact us. You can contact us using the information below. You have the following rights:<\/p>\n<ul>\n<li>You have the right to know why your personal data is needed, what will happen to it and how long it will be kept.<\/li>\n<li>Right of access: you have the right to access your personal data that we know.<\/li>\n<li>Right of rectification: you have the right at any time to complete, correct, delete or block your personal data.<\/li>\n<li>If you give us your consent to process your data, you have the right to revoke this consent and have your personal data deleted.<\/li>\n<li>Right to transfer your data: you have the right to request all your personal data from the controller and to transfer them in their entirety to another controller.<\/li>\n<li>Right to object: you can object to the processing of your data. We will comply, unless there are compelling reasons for this processing.<\/li>\n<\/ul>\n<p>Please make sure to always clearly indicate who you are, so that we can be sure not to modify or delete the wrong person&#039;s data.<\/p>\n<h2>8. File a complaint<\/h2>\n<p>If you are not satisfied with the way we handle (a complaint about) the processing of your personal data, you have the right to lodge a complaint with the data protection authority.<\/p>\n<h2>9. Data Requests<\/h2>\n<p>If you have any questions or comments about this Privacy Policy, or if you would like to update information we have about you or your preferences, please contact us.<\/p>\n<h2>10. Contact details<\/h2>\n<\/div>\n<div>SwissFusion<br \/>Tourbillon<br \/>Galaise Road 11B<br \/>1228 Plan les Ouates \u2013 Switzerland<\/div>\n<div class=\"cmplz-document privacy-statement cmplz-document-eu\">Website: <a href=\"https:\/\/swiss-fusion.ch\/en\/\">https:\/\/swiss-fusion.ch<\/a><br \/>Email: <a href=\"mailto:info@swiss-fusion.ch\">info@swiss-fusion.ch<\/a><br \/>Phone number: +41 79 861 18 26<\/div>\n<p>\u00a0<\/p>\n\t\t\t\t\t\t\t\t<\/div>\n\t\t\t\t<\/div>\n\t\t\t\t\t<\/div>\n\t\t\t\t<\/div>\n\t\t\t\t<\/div>","protected":false},"excerpt":{"rendered":"<p>Privacy Policy This privacy statement applies to citizens and legal permanent residents of the European Economic Area and Switzerland. In this statement<span class=\"excerpt-hellip\"> [\u2026]<\/span><\/p>","protected":false},"author":1,"featured_media":0,"parent":0,"menu_order":0,"comment_status":"open","ping_status":"open","template":"","meta":{"footnotes":""},"class_list":["post-3","page","type-page","status-publish","hentry"],"yoast_head":"<!-- This site is optimized with the Yoast SEO plugin v27.3 - https:\/\/yoast.com\/product\/yoast-seo-wordpress\/ -->\n<title>Politique de confidentialit\u00e9 - Swiss Fusion - Gen\u00e8ve Suisse romande<\/title>\n<meta name=\"robots\" content=\"index, follow, max-snippet:-1, max-image-preview:large, max-video-preview:-1\" \/>\n<link rel=\"canonical\" href=\"https:\/\/swiss-fusion.ch\/en\/politique-de-confidentialite\/\" \/>\n<meta property=\"og:locale\" content=\"en_US\" \/>\n<meta property=\"og:type\" content=\"article\" \/>\n<meta property=\"og:title\" content=\"Politique de confidentialit\u00e9 - Swiss Fusion - Gen\u00e8ve Suisse romande\" \/>\n<meta property=\"og:description\" content=\"Politique de confidentialit\u00e9 Cette d\u00e9claration de confidentialit\u00e9 s\u2019applique aux citoyens et aux r\u00e9sidents permanents l\u00e9gaux de l\u2019Espace \u00e9conomique europ\u00e9en et de la Suisse. Dans cette d\u00e9claration [\u2026]\" \/>\n<meta property=\"og:url\" content=\"https:\/\/swiss-fusion.ch\/en\/politique-de-confidentialite\/\" \/>\n<meta property=\"og:site_name\" content=\"Swiss Fusion - Gen\u00e8ve Suisse romande\" \/>\n<meta property=\"article:modified_time\" content=\"2024-11-04T15:58:01+00:00\" \/>\n<meta name=\"twitter:card\" content=\"summary_large_image\" \/>\n<meta name=\"twitter:label1\" content=\"Est. reading time\" \/>\n\t<meta name=\"twitter:data1\" content=\"6 minutes\" \/>\n<script type=\"application\/ld+json\" class=\"yoast-schema-graph\">{\"@context\":\"https:\\\/\\\/schema.org\",\"@graph\":[{\"@type\":\"WebPage\",\"@id\":\"https:\\\/\\\/swiss-fusion.ch\\\/politique-de-confidentialite\\\/\",\"url\":\"https:\\\/\\\/swiss-fusion.ch\\\/politique-de-confidentialite\\\/\",\"name\":\"Politique de confidentialit\u00e9 - Swiss Fusion - Gen\u00e8ve Suisse romande\",\"isPartOf\":{\"@id\":\"https:\\\/\\\/swiss-fusion.ch\\\/#website\"},\"datePublished\":\"2022-05-11T06:35:41+00:00\",\"dateModified\":\"2024-11-04T15:58:01+00:00\",\"breadcrumb\":{\"@id\":\"https:\\\/\\\/swiss-fusion.ch\\\/politique-de-confidentialite\\\/#breadcrumb\"},\"inLanguage\":\"en-US\",\"potentialAction\":[{\"@type\":\"ReadAction\",\"target\":[\"https:\\\/\\\/swiss-fusion.ch\\\/politique-de-confidentialite\\\/\"]}]},{\"@type\":\"BreadcrumbList\",\"@id\":\"https:\\\/\\\/swiss-fusion.ch\\\/politique-de-confidentialite\\\/#breadcrumb\",\"itemListElement\":[{\"@type\":\"ListItem\",\"position\":1,\"name\":\"Accueil\",\"item\":\"https:\\\/\\\/swiss-fusion.ch\\\/\"},{\"@type\":\"ListItem\",\"position\":2,\"name\":\"Politique de confidentialit\u00e9\"}]},{\"@type\":\"WebSite\",\"@id\":\"https:\\\/\\\/swiss-fusion.ch\\\/#website\",\"url\":\"https:\\\/\\\/swiss-fusion.ch\\\/\",\"name\":\"Swiss Fusion - Gen\u00e8ve Suisse romande\",\"description\":\"\",\"potentialAction\":[{\"@type\":\"SearchAction\",\"target\":{\"@type\":\"EntryPoint\",\"urlTemplate\":\"https:\\\/\\\/swiss-fusion.ch\\\/?s={search_term_string}\"},\"query-input\":{\"@type\":\"PropertyValueSpecification\",\"valueRequired\":true,\"valueName\":\"search_term_string\"}}],\"inLanguage\":\"en-US\"}]}<\/script>\n<!-- \/ Yoast SEO plugin. -->","yoast_head_json":{"title":"Privacy Policy - Swiss Fusion - Geneva, French-speaking Switzerland","robots":{"index":"index","follow":"follow","max-snippet":"max-snippet:-1","max-image-preview":"max-image-preview:large","max-video-preview":"max-video-preview:-1"},"canonical":"https:\/\/swiss-fusion.ch\/en\/politique-de-confidentialite\/","og_locale":"en_US","og_type":"article","og_title":"Politique de confidentialit\u00e9 - Swiss Fusion - Gen\u00e8ve Suisse romande","og_description":"Politique de confidentialit\u00e9 Cette d\u00e9claration de confidentialit\u00e9 s\u2019applique aux citoyens et aux r\u00e9sidents permanents l\u00e9gaux de l\u2019Espace \u00e9conomique europ\u00e9en et de la Suisse. Dans cette d\u00e9claration [\u2026]","og_url":"https:\/\/swiss-fusion.ch\/en\/politique-de-confidentialite\/","og_site_name":"Swiss Fusion - Gen\u00e8ve Suisse romande","article_modified_time":"2024-11-04T15:58:01+00:00","twitter_card":"summary_large_image","twitter_misc":{"Est. reading time":"6 minutes"},"schema":{"@context":"https:\/\/schema.org","@graph":[{"@type":"WebPage","@id":"https:\/\/swiss-fusion.ch\/politique-de-confidentialite\/","url":"https:\/\/swiss-fusion.ch\/politique-de-confidentialite\/","name":"Privacy Policy - Swiss Fusion - Geneva, French-speaking Switzerland","isPartOf":{"@id":"https:\/\/swiss-fusion.ch\/#website"},"datePublished":"2022-05-11T06:35:41+00:00","dateModified":"2024-11-04T15:58:01+00:00","breadcrumb":{"@id":"https:\/\/swiss-fusion.ch\/politique-de-confidentialite\/#breadcrumb"},"inLanguage":"en-US","potentialAction":[{"@type":"ReadAction","target":["https:\/\/swiss-fusion.ch\/politique-de-confidentialite\/"]}]},{"@type":"BreadcrumbList","@id":"https:\/\/swiss-fusion.ch\/politique-de-confidentialite\/#breadcrumb","itemListElement":[{"@type":"ListItem","position":1,"name":"Accueil","item":"https:\/\/swiss-fusion.ch\/"},{"@type":"ListItem","position":2,"name":"Politique de confidentialit\u00e9"}]},{"@type":"WebSite","@id":"https:\/\/swiss-fusion.ch\/#website","url":"https:\/\/swiss-fusion.ch\/","name":"Swiss Fusion - Geneva French-speaking Switzerland","description":"","potentialAction":[{"@type":"SearchAction","target":{"@type":"EntryPoint","urlTemplate":"https:\/\/swiss-fusion.ch\/?s={search_term_string}"},"query-input":{"@type":"PropertyValueSpecification","valueRequired":true,"valueName":"search_term_string"}}],"inLanguage":"en-US"}]}},"_links":{"self":[{"href":"https:\/\/swiss-fusion.ch\/en\/wp-json\/wp\/v2\/pages\/3","targetHints":{"allow":["GET"]}}],"collection":[{"href":"https:\/\/swiss-fusion.ch\/en\/wp-json\/wp\/v2\/pages"}],"about":[{"href":"https:\/\/swiss-fusion.ch\/en\/wp-json\/wp\/v2\/types\/page"}],"author":[{"embeddable":true,"href":"https:\/\/swiss-fusion.ch\/en\/wp-json\/wp\/v2\/users\/1"}],"replies":[{"embeddable":true,"href":"https:\/\/swiss-fusion.ch\/en\/wp-json\/wp\/v2\/comments?post=3"}],"version-history":[{"count":5,"href":"https:\/\/swiss-fusion.ch\/en\/wp-json\/wp\/v2\/pages\/3\/revisions"}],"predecessor-version":[{"id":1531,"href":"https:\/\/swiss-fusion.ch\/en\/wp-json\/wp\/v2\/pages\/3\/revisions\/1531"}],"wp:attachment":[{"href":"https:\/\/swiss-fusion.ch\/en\/wp-json\/wp\/v2\/media?parent=3"}],"curies":[{"name":"wp","href":"https:\/\/api.w.org\/{rel}","templated":true}]}}